{"id":923,"date":"2025-06-18T06:55:26","date_gmt":"2025-06-18T06:55:26","guid":{"rendered":"https:\/\/perspektiveyewear.com\/?post_type=product&#038;p=923"},"modified":"2025-07-21T12:51:21","modified_gmt":"2025-07-21T12:51:21","slug":"aw36-crystal-blue","status":"publish","type":"product","link":"https:\/\/perspektiveyewear.com\/en\/product\/aw36-crystal-blue\/","title":{"rendered":"Aw36 Crystal Blue"},"content":{"rendered":"<p class=\"ai-optimize-21 ai-optimize-introduction\">Our sunglasses are designed to protect your eyes\nin style every day of the year. With a <strong>Category 3 UV400 filter and polarized lenses<\/strong>, they effectively protect against the sun's rays.<br \/>\nThese <strong>Aw36 Crystal Blue<\/strong> contribute <strong>freshness &amp; clarity<\/strong>. Their translucent blue finish make them light and very modern.<br \/>\nDesigned to accompany you 365 days a year.<\/p>\n<p class=\"ai-optimize-21 ai-optimize-introduction\"><strong>They offer comfort, style, and character in every detail.<\/strong>.<\/p>","protected":false},"excerpt":{"rendered":"<p>Nuestras gafas de sol est\u00e1n dise\u00f1adas para cuidar tu vista con estilo todos los d\u00edas del a\u00f1o. Con filtro UV400 de categor\u00eda 3 y lentes polarizadas, protegen eficazmente frente a los rayos del sol. La AW36 Crystal Blue aporta frescura y claridad. Su acabado transl\u00facido en azul la hace ligera y muy actual. Dise\u00f1adas para [&hellip;]<\/p>","protected":false},"featured_media":865,"comment_status":"open","ping_status":"closed","template":"","meta":{"_acf_changed":false,"inline_featured_image":false},"product_brand":[],"product_cat":[31],"product_tag":[],"class_list":{"0":"post-923","1":"product","2":"type-product","3":"status-publish","4":"has-post-thumbnail","6":"product_cat-sunglasses","8":"first","9":"instock","10":"taxable","11":"shipping-taxable","12":"purchasable","13":"product-type-simple"},"acf":[],"yoast_head":"<!-- This site is optimized with the Yoast SEO Premium plugin v25.3 (Yoast SEO v27.4) - https:\/\/yoast.com\/product\/yoast-seo-premium-wordpress\/ -->\n<title>AW36 Crystal Blue - Perspektiv<\/title>\n<meta name=\"robots\" content=\"index, follow, max-snippet:-1, max-image-preview:large, max-video-preview:-1\" \/>\n<link rel=\"canonical\" href=\"https:\/\/perspektiveyewear.com\/en\/product\/aw36-crystal-blue\/\" \/>\n<meta property=\"og:locale\" content=\"en_US\" \/>\n<meta property=\"og:type\" content=\"article\" \/>\n<meta property=\"og:title\" content=\"AW36 Crystal Blue\" \/>\n<meta property=\"og:description\" content=\"Nuestras gafas de sol est\u00e1n dise\u00f1adas para cuidar tu vista con estilo todos los d\u00edas del a\u00f1o. Con filtro UV400 de categor\u00eda 3 y lentes polarizadas, protegen eficazmente frente a los rayos del sol. La AW36 Crystal Blue aporta frescura y claridad. Su acabado transl\u00facido en azul la hace ligera y muy actual. Dise\u00f1adas para [&hellip;]\" \/>\n<meta property=\"og:url\" content=\"https:\/\/perspektiveyewear.com\/en\/product\/aw36-crystal-blue\/\" \/>\n<meta property=\"og:site_name\" content=\"Perspektiv\" \/>\n<meta property=\"article:modified_time\" content=\"2025-07-21T12:51:21+00:00\" \/>\n<meta property=\"og:image\" content=\"https:\/\/perspektiveyewear.com\/wp-content\/uploads\/2025\/06\/AW36-crystal-blue-Sunglasses-1-scaled.jpg\" \/>\n\t<meta property=\"og:image:width\" content=\"2560\" \/>\n\t<meta property=\"og:image:height\" content=\"2560\" \/>\n\t<meta property=\"og:image:type\" content=\"image\/jpeg\" \/>\n<meta name=\"twitter:card\" content=\"summary_large_image\" \/>\n<meta name=\"twitter:label1\" content=\"Price\" \/>\n\t<meta name=\"twitter:data1\" content=\"21,90&nbsp;&euro;\" \/>\n\t<meta name=\"twitter:label2\" content=\"Availability\" \/>\n\t<meta name=\"twitter:data2\" content=\"In stock\" \/>\n<script type=\"application\/ld+json\" class=\"yoast-schema-graph\">{\"@context\":\"https:\\\/\\\/schema.org\",\"@graph\":[{\"@type\":\"WebPage\",\"@id\":\"https:\\\/\\\/perspektiveyewear.com\\\/producto\\\/aw36-crystal-blue\\\/\",\"url\":\"https:\\\/\\\/perspektiveyewear.com\\\/producto\\\/aw36-crystal-blue\\\/\",\"name\":\"AW36 Crystal Blue - Perspektiv\",\"isPartOf\":{\"@id\":\"https:\\\/\\\/perspektiveyewear.com\\\/#website\"},\"primaryImageOfPage\":{\"@id\":\"https:\\\/\\\/perspektiveyewear.com\\\/producto\\\/aw36-crystal-blue\\\/#primaryimage\"},\"image\":{\"@id\":\"https:\\\/\\\/perspektiveyewear.com\\\/producto\\\/aw36-crystal-blue\\\/#primaryimage\"},\"thumbnailUrl\":\"https:\\\/\\\/perspektiveyewear.com\\\/wp-content\\\/uploads\\\/2025\\\/06\\\/AW36-crystal-blue-Sunglasses-1-scaled.jpg\",\"datePublished\":\"2025-06-18T06:55:26+00:00\",\"dateModified\":\"2025-07-21T12:51:21+00:00\",\"breadcrumb\":{\"@id\":\"https:\\\/\\\/perspektiveyewear.com\\\/producto\\\/aw36-crystal-blue\\\/#breadcrumb\"},\"inLanguage\":\"en-US\",\"potentialAction\":[{\"@type\":\"ReadAction\",\"target\":[\"https:\\\/\\\/perspektiveyewear.com\\\/producto\\\/aw36-crystal-blue\\\/\"]}]},{\"@type\":\"ImageObject\",\"inLanguage\":\"en-US\",\"@id\":\"https:\\\/\\\/perspektiveyewear.com\\\/producto\\\/aw36-crystal-blue\\\/#primaryimage\",\"url\":\"https:\\\/\\\/perspektiveyewear.com\\\/wp-content\\\/uploads\\\/2025\\\/06\\\/AW36-crystal-blue-Sunglasses-1-scaled.jpg\",\"contentUrl\":\"https:\\\/\\\/perspektiveyewear.com\\\/wp-content\\\/uploads\\\/2025\\\/06\\\/AW36-crystal-blue-Sunglasses-1-scaled.jpg\",\"width\":2560,\"height\":2560},{\"@type\":\"BreadcrumbList\",\"@id\":\"https:\\\/\\\/perspektiveyewear.com\\\/producto\\\/aw36-crystal-blue\\\/#breadcrumb\",\"itemListElement\":[{\"@type\":\"ListItem\",\"position\":1,\"name\":\"Portada\",\"item\":\"https:\\\/\\\/perspektiveyewear.com\\\/\"},{\"@type\":\"ListItem\",\"position\":2,\"name\":\"Tienda de gafas: lectura, sol y filtro azul\",\"item\":\"https:\\\/\\\/perspektiveyewear.com\\\/tienda\\\/\"},{\"@type\":\"ListItem\",\"position\":3,\"name\":\"AW36 Crystal Blue\"}]},{\"@type\":\"WebSite\",\"@id\":\"https:\\\/\\\/perspektiveyewear.com\\\/#website\",\"url\":\"https:\\\/\\\/perspektiveyewear.com\\\/\",\"name\":\"Perspektiv\",\"description\":\"Tienda de gafas\",\"publisher\":{\"@id\":\"https:\\\/\\\/perspektiveyewear.com\\\/#organization\"},\"potentialAction\":[{\"@type\":\"SearchAction\",\"target\":{\"@type\":\"EntryPoint\",\"urlTemplate\":\"https:\\\/\\\/perspektiveyewear.com\\\/?s={search_term_string}\"},\"query-input\":{\"@type\":\"PropertyValueSpecification\",\"valueRequired\":true,\"valueName\":\"search_term_string\"}}],\"inLanguage\":\"en-US\"},{\"@type\":\"Organization\",\"@id\":\"https:\\\/\\\/perspektiveyewear.com\\\/#organization\",\"name\":\"Perspektiv\",\"url\":\"https:\\\/\\\/perspektiveyewear.com\\\/\",\"logo\":{\"@type\":\"ImageObject\",\"inLanguage\":\"en-US\",\"@id\":\"https:\\\/\\\/perspektiveyewear.com\\\/#\\\/schema\\\/logo\\\/image\\\/\",\"url\":\"https:\\\/\\\/perspektiveyewear.com\\\/wp-content\\\/uploads\\\/2025\\\/06\\\/logo-sin-margen-1.svg\",\"contentUrl\":\"https:\\\/\\\/perspektiveyewear.com\\\/wp-content\\\/uploads\\\/2025\\\/06\\\/logo-sin-margen-1.svg\",\"width\":235,\"height\":23,\"caption\":\"Perspektiv\"},\"image\":{\"@id\":\"https:\\\/\\\/perspektiveyewear.com\\\/#\\\/schema\\\/logo\\\/image\\\/\"}}]}<\/script>\n<meta property=\"product:price:amount\" content=\"21.90\" \/>\n<meta property=\"product:price:currency\" content=\"EUR\" \/>\n<meta property=\"og:availability\" content=\"instock\" \/>\n<meta property=\"product:availability\" content=\"instock\" \/>\n<meta property=\"product:condition\" content=\"new\" \/>\n<!-- \/ Yoast SEO Premium plugin. -->","yoast_head_json":{"title":"AW36 Crystal Blue - Perspektiv","robots":{"index":"index","follow":"follow","max-snippet":"max-snippet:-1","max-image-preview":"max-image-preview:large","max-video-preview":"max-video-preview:-1"},"canonical":"https:\/\/perspektiveyewear.com\/en\/product\/aw36-crystal-blue\/","og_locale":"en_US","og_type":"article","og_title":"AW36 Crystal Blue","og_description":"Nuestras gafas de sol est\u00e1n dise\u00f1adas para cuidar tu vista con estilo todos los d\u00edas del a\u00f1o. Con filtro UV400 de categor\u00eda 3 y lentes polarizadas, protegen eficazmente frente a los rayos del sol. La AW36 Crystal Blue aporta frescura y claridad. Su acabado transl\u00facido en azul la hace ligera y muy actual. Dise\u00f1adas para [&hellip;]","og_url":"https:\/\/perspektiveyewear.com\/en\/product\/aw36-crystal-blue\/","og_site_name":"Perspektiv","article_modified_time":"2025-07-21T12:51:21+00:00","og_image":[{"width":2560,"height":2560,"url":"https:\/\/perspektiveyewear.com\/wp-content\/uploads\/2025\/06\/AW36-crystal-blue-Sunglasses-1-scaled.jpg","type":"image\/jpeg"}],"twitter_card":"summary_large_image","twitter_misc":{"Price":"21,90&nbsp;&euro;","Availability":"In stock"},"schema":{"@context":"https:\/\/schema.org","@graph":[{"@type":"WebPage","@id":"https:\/\/perspektiveyewear.com\/producto\/aw36-crystal-blue\/","url":"https:\/\/perspektiveyewear.com\/producto\/aw36-crystal-blue\/","name":"AW36 Crystal Blue - Perspektiv","isPartOf":{"@id":"https:\/\/perspektiveyewear.com\/#website"},"primaryImageOfPage":{"@id":"https:\/\/perspektiveyewear.com\/producto\/aw36-crystal-blue\/#primaryimage"},"image":{"@id":"https:\/\/perspektiveyewear.com\/producto\/aw36-crystal-blue\/#primaryimage"},"thumbnailUrl":"https:\/\/perspektiveyewear.com\/wp-content\/uploads\/2025\/06\/AW36-crystal-blue-Sunglasses-1-scaled.jpg","datePublished":"2025-06-18T06:55:26+00:00","dateModified":"2025-07-21T12:51:21+00:00","breadcrumb":{"@id":"https:\/\/perspektiveyewear.com\/producto\/aw36-crystal-blue\/#breadcrumb"},"inLanguage":"en-US","potentialAction":[{"@type":"ReadAction","target":["https:\/\/perspektiveyewear.com\/producto\/aw36-crystal-blue\/"]}]},{"@type":"ImageObject","inLanguage":"en-US","@id":"https:\/\/perspektiveyewear.com\/producto\/aw36-crystal-blue\/#primaryimage","url":"https:\/\/perspektiveyewear.com\/wp-content\/uploads\/2025\/06\/AW36-crystal-blue-Sunglasses-1-scaled.jpg","contentUrl":"https:\/\/perspektiveyewear.com\/wp-content\/uploads\/2025\/06\/AW36-crystal-blue-Sunglasses-1-scaled.jpg","width":2560,"height":2560},{"@type":"BreadcrumbList","@id":"https:\/\/perspektiveyewear.com\/producto\/aw36-crystal-blue\/#breadcrumb","itemListElement":[{"@type":"ListItem","position":1,"name":"Portada","item":"https:\/\/perspektiveyewear.com\/"},{"@type":"ListItem","position":2,"name":"Tienda de gafas: lectura, sol y filtro azul","item":"https:\/\/perspektiveyewear.com\/tienda\/"},{"@type":"ListItem","position":3,"name":"AW36 Crystal Blue"}]},{"@type":"WebSite","@id":"https:\/\/perspektiveyewear.com\/#website","url":"https:\/\/perspektiveyewear.com\/","name":"Perspektiv","description":"Tienda de gafas","publisher":{"@id":"https:\/\/perspektiveyewear.com\/#organization"},"potentialAction":[{"@type":"SearchAction","target":{"@type":"EntryPoint","urlTemplate":"https:\/\/perspektiveyewear.com\/?s={search_term_string}"},"query-input":{"@type":"PropertyValueSpecification","valueRequired":true,"valueName":"search_term_string"}}],"inLanguage":"en-US"},{"@type":"Organization","@id":"https:\/\/perspektiveyewear.com\/#organization","name":"Perspektiv","url":"https:\/\/perspektiveyewear.com\/","logo":{"@type":"ImageObject","inLanguage":"en-US","@id":"https:\/\/perspektiveyewear.com\/#\/schema\/logo\/image\/","url":"https:\/\/perspektiveyewear.com\/wp-content\/uploads\/2025\/06\/logo-sin-margen-1.svg","contentUrl":"https:\/\/perspektiveyewear.com\/wp-content\/uploads\/2025\/06\/logo-sin-margen-1.svg","width":235,"height":23,"caption":"Perspektiv"},"image":{"@id":"https:\/\/perspektiveyewear.com\/#\/schema\/logo\/image\/"}}]},"product_price_amount":"21.90","product_price_currency":"EUR","og_availability":"instock","product_availability":"instock","product_condition":"new"},"_links":{"self":[{"href":"https:\/\/perspektiveyewear.com\/en\/wp-json\/wp\/v2\/product\/923","targetHints":{"allow":["GET"]}}],"collection":[{"href":"https:\/\/perspektiveyewear.com\/en\/wp-json\/wp\/v2\/product"}],"about":[{"href":"https:\/\/perspektiveyewear.com\/en\/wp-json\/wp\/v2\/types\/product"}],"replies":[{"embeddable":true,"href":"https:\/\/perspektiveyewear.com\/en\/wp-json\/wp\/v2\/comments?post=923"}],"wp:featuredmedia":[{"embeddable":true,"href":"https:\/\/perspektiveyewear.com\/en\/wp-json\/wp\/v2\/media\/865"}],"wp:attachment":[{"href":"https:\/\/perspektiveyewear.com\/en\/wp-json\/wp\/v2\/media?parent=923"}],"wp:term":[{"taxonomy":"product_brand","embeddable":true,"href":"https:\/\/perspektiveyewear.com\/en\/wp-json\/wp\/v2\/product_brand?post=923"},{"taxonomy":"product_cat","embeddable":true,"href":"https:\/\/perspektiveyewear.com\/en\/wp-json\/wp\/v2\/product_cat?post=923"},{"taxonomy":"product_tag","embeddable":true,"href":"https:\/\/perspektiveyewear.com\/en\/wp-json\/wp\/v2\/product_tag?post=923"}],"curies":[{"name":"wp","href":"https:\/\/api.w.org\/{rel}","templated":true}]}}