{"id":832,"date":"2025-06-18T06:33:55","date_gmt":"2025-06-18T06:33:55","guid":{"rendered":"https:\/\/perspektiveyewear.com\/?post_type=product&#038;p=832"},"modified":"2025-07-21T13:25:23","modified_gmt":"2025-07-21T13:25:23","slug":"aw57-black-smoke","status":"publish","type":"product","link":"https:\/\/perspektiveyewear.com\/en\/product\/aw57-black-smoke\/","title":{"rendered":"Aw57 Black Smoke"},"content":{"rendered":"<p class=\"ai-optimize-23 ai-optimize-introduction\">Our sunglasses protection for your eyes and match any plan. With <strong>Category 3 UV400 filter and polarized lenses<\/strong>, effectively protect against the sun.<\/p>\n<p>These <strong>Aw57 Black Smoke<\/strong> have a design that never fails. Ideal for those who prefer tones that go with everything.<\/p>\n<p>A comfortable frame for everyday wear.<\/p>","protected":false},"excerpt":{"rendered":"<p>Nuestras gafas de sol cuidan tu vista y combinan con cualquier plan. Con filtro UV400 de categor\u00eda 3 y lentes polarizadas, protegen eficazmente frente al sol. La AW57 Black Smoke tiene un dise\u00f1o que no falla. Ideal para quienes prefieren tonos que combinan con todo. Una montura c\u00f3moda para el d\u00eda a d\u00eda.<\/p>","protected":false},"featured_media":824,"comment_status":"open","ping_status":"closed","template":"","meta":{"_acf_changed":false,"inline_featured_image":false},"product_brand":[],"product_cat":[32,31],"product_tag":[],"class_list":{"0":"post-832","1":"product","2":"type-product","3":"status-publish","4":"has-post-thumbnail","6":"product_cat-coleccion-2025","7":"product_cat-sunglasses","9":"first","10":"instock","11":"featured","12":"taxable","13":"shipping-taxable","14":"purchasable","15":"product-type-simple"},"acf":[],"yoast_head":"<!-- This site is optimized with the Yoast SEO Premium plugin v25.3 (Yoast SEO v27.4) - https:\/\/yoast.com\/product\/yoast-seo-premium-wordpress\/ -->\n<title>AW57 Black Smoke - Perspektiv<\/title>\n<meta name=\"robots\" content=\"index, follow, max-snippet:-1, max-image-preview:large, max-video-preview:-1\" \/>\n<link rel=\"canonical\" href=\"https:\/\/perspektiveyewear.com\/en\/product\/aw57-black-smoke\/\" \/>\n<meta property=\"og:locale\" content=\"en_US\" \/>\n<meta property=\"og:type\" content=\"article\" \/>\n<meta property=\"og:title\" content=\"AW57 Black Smoke\" \/>\n<meta property=\"og:description\" content=\"Nuestras gafas de sol cuidan tu vista y combinan con cualquier plan. Con filtro UV400 de categor\u00eda 3 y lentes polarizadas, protegen eficazmente frente al sol. La AW57 Black Smoke tiene un dise\u00f1o que no falla. Ideal para quienes prefieren tonos que combinan con todo. Una montura c\u00f3moda para el d\u00eda a d\u00eda.\" \/>\n<meta property=\"og:url\" content=\"https:\/\/perspektiveyewear.com\/en\/product\/aw57-black-smoke\/\" \/>\n<meta property=\"og:site_name\" content=\"Perspektiv\" \/>\n<meta property=\"article:modified_time\" content=\"2025-07-21T13:25:23+00:00\" \/>\n<meta property=\"og:image\" content=\"https:\/\/perspektiveyewear.com\/wp-content\/uploads\/2025\/06\/aw57-black-smoke-1.jpg\" \/>\n\t<meta property=\"og:image:width\" content=\"1080\" \/>\n\t<meta property=\"og:image:height\" content=\"1080\" \/>\n\t<meta property=\"og:image:type\" content=\"image\/jpeg\" \/>\n<meta name=\"twitter:card\" content=\"summary_large_image\" \/>\n<meta name=\"twitter:label1\" content=\"Price\" \/>\n\t<meta name=\"twitter:data1\" content=\"21,90&nbsp;&euro;\" \/>\n\t<meta name=\"twitter:label2\" content=\"Availability\" \/>\n\t<meta name=\"twitter:data2\" content=\"In stock\" \/>\n<script type=\"application\/ld+json\" class=\"yoast-schema-graph\">{\"@context\":\"https:\\\/\\\/schema.org\",\"@graph\":[{\"@type\":\"WebPage\",\"@id\":\"https:\\\/\\\/perspektiveyewear.com\\\/producto\\\/aw57-black-smoke\\\/\",\"url\":\"https:\\\/\\\/perspektiveyewear.com\\\/producto\\\/aw57-black-smoke\\\/\",\"name\":\"AW57 Black Smoke - Perspektiv\",\"isPartOf\":{\"@id\":\"https:\\\/\\\/perspektiveyewear.com\\\/#website\"},\"primaryImageOfPage\":{\"@id\":\"https:\\\/\\\/perspektiveyewear.com\\\/producto\\\/aw57-black-smoke\\\/#primaryimage\"},\"image\":{\"@id\":\"https:\\\/\\\/perspektiveyewear.com\\\/producto\\\/aw57-black-smoke\\\/#primaryimage\"},\"thumbnailUrl\":\"https:\\\/\\\/perspektiveyewear.com\\\/wp-content\\\/uploads\\\/2025\\\/06\\\/aw57-black-smoke-1.jpg\",\"datePublished\":\"2025-06-18T06:33:55+00:00\",\"dateModified\":\"2025-07-21T13:25:23+00:00\",\"breadcrumb\":{\"@id\":\"https:\\\/\\\/perspektiveyewear.com\\\/producto\\\/aw57-black-smoke\\\/#breadcrumb\"},\"inLanguage\":\"en-US\",\"potentialAction\":[{\"@type\":\"ReadAction\",\"target\":[\"https:\\\/\\\/perspektiveyewear.com\\\/producto\\\/aw57-black-smoke\\\/\"]}]},{\"@type\":\"ImageObject\",\"inLanguage\":\"en-US\",\"@id\":\"https:\\\/\\\/perspektiveyewear.com\\\/producto\\\/aw57-black-smoke\\\/#primaryimage\",\"url\":\"https:\\\/\\\/perspektiveyewear.com\\\/wp-content\\\/uploads\\\/2025\\\/06\\\/aw57-black-smoke-1.jpg\",\"contentUrl\":\"https:\\\/\\\/perspektiveyewear.com\\\/wp-content\\\/uploads\\\/2025\\\/06\\\/aw57-black-smoke-1.jpg\",\"width\":1080,\"height\":1080},{\"@type\":\"BreadcrumbList\",\"@id\":\"https:\\\/\\\/perspektiveyewear.com\\\/producto\\\/aw57-black-smoke\\\/#breadcrumb\",\"itemListElement\":[{\"@type\":\"ListItem\",\"position\":1,\"name\":\"Portada\",\"item\":\"https:\\\/\\\/perspektiveyewear.com\\\/\"},{\"@type\":\"ListItem\",\"position\":2,\"name\":\"Tienda de gafas: lectura, sol y filtro azul\",\"item\":\"https:\\\/\\\/perspektiveyewear.com\\\/tienda\\\/\"},{\"@type\":\"ListItem\",\"position\":3,\"name\":\"AW57 Black Smoke\"}]},{\"@type\":\"WebSite\",\"@id\":\"https:\\\/\\\/perspektiveyewear.com\\\/#website\",\"url\":\"https:\\\/\\\/perspektiveyewear.com\\\/\",\"name\":\"Perspektiv\",\"description\":\"Tienda de gafas\",\"publisher\":{\"@id\":\"https:\\\/\\\/perspektiveyewear.com\\\/#organization\"},\"potentialAction\":[{\"@type\":\"SearchAction\",\"target\":{\"@type\":\"EntryPoint\",\"urlTemplate\":\"https:\\\/\\\/perspektiveyewear.com\\\/?s={search_term_string}\"},\"query-input\":{\"@type\":\"PropertyValueSpecification\",\"valueRequired\":true,\"valueName\":\"search_term_string\"}}],\"inLanguage\":\"en-US\"},{\"@type\":\"Organization\",\"@id\":\"https:\\\/\\\/perspektiveyewear.com\\\/#organization\",\"name\":\"Perspektiv\",\"url\":\"https:\\\/\\\/perspektiveyewear.com\\\/\",\"logo\":{\"@type\":\"ImageObject\",\"inLanguage\":\"en-US\",\"@id\":\"https:\\\/\\\/perspektiveyewear.com\\\/#\\\/schema\\\/logo\\\/image\\\/\",\"url\":\"https:\\\/\\\/perspektiveyewear.com\\\/wp-content\\\/uploads\\\/2025\\\/06\\\/logo-sin-margen-1.svg\",\"contentUrl\":\"https:\\\/\\\/perspektiveyewear.com\\\/wp-content\\\/uploads\\\/2025\\\/06\\\/logo-sin-margen-1.svg\",\"width\":235,\"height\":23,\"caption\":\"Perspektiv\"},\"image\":{\"@id\":\"https:\\\/\\\/perspektiveyewear.com\\\/#\\\/schema\\\/logo\\\/image\\\/\"}}]}<\/script>\n<meta property=\"product:price:amount\" content=\"21.90\" \/>\n<meta property=\"product:price:currency\" content=\"EUR\" \/>\n<meta property=\"og:availability\" content=\"instock\" \/>\n<meta property=\"product:availability\" content=\"instock\" \/>\n<meta property=\"product:condition\" content=\"new\" \/>\n<!-- \/ Yoast SEO Premium plugin. -->","yoast_head_json":{"title":"AW57 Black Smoke - Perspektiv","robots":{"index":"index","follow":"follow","max-snippet":"max-snippet:-1","max-image-preview":"max-image-preview:large","max-video-preview":"max-video-preview:-1"},"canonical":"https:\/\/perspektiveyewear.com\/en\/product\/aw57-black-smoke\/","og_locale":"en_US","og_type":"article","og_title":"AW57 Black Smoke","og_description":"Nuestras gafas de sol cuidan tu vista y combinan con cualquier plan. Con filtro UV400 de categor\u00eda 3 y lentes polarizadas, protegen eficazmente frente al sol. La AW57 Black Smoke tiene un dise\u00f1o que no falla. Ideal para quienes prefieren tonos que combinan con todo. Una montura c\u00f3moda para el d\u00eda a d\u00eda.","og_url":"https:\/\/perspektiveyewear.com\/en\/product\/aw57-black-smoke\/","og_site_name":"Perspektiv","article_modified_time":"2025-07-21T13:25:23+00:00","og_image":[{"width":1080,"height":1080,"url":"https:\/\/perspektiveyewear.com\/wp-content\/uploads\/2025\/06\/aw57-black-smoke-1.jpg","type":"image\/jpeg"}],"twitter_card":"summary_large_image","twitter_misc":{"Price":"21,90&nbsp;&euro;","Availability":"In stock"},"schema":{"@context":"https:\/\/schema.org","@graph":[{"@type":"WebPage","@id":"https:\/\/perspektiveyewear.com\/producto\/aw57-black-smoke\/","url":"https:\/\/perspektiveyewear.com\/producto\/aw57-black-smoke\/","name":"AW57 Black Smoke - Perspektiv","isPartOf":{"@id":"https:\/\/perspektiveyewear.com\/#website"},"primaryImageOfPage":{"@id":"https:\/\/perspektiveyewear.com\/producto\/aw57-black-smoke\/#primaryimage"},"image":{"@id":"https:\/\/perspektiveyewear.com\/producto\/aw57-black-smoke\/#primaryimage"},"thumbnailUrl":"https:\/\/perspektiveyewear.com\/wp-content\/uploads\/2025\/06\/aw57-black-smoke-1.jpg","datePublished":"2025-06-18T06:33:55+00:00","dateModified":"2025-07-21T13:25:23+00:00","breadcrumb":{"@id":"https:\/\/perspektiveyewear.com\/producto\/aw57-black-smoke\/#breadcrumb"},"inLanguage":"en-US","potentialAction":[{"@type":"ReadAction","target":["https:\/\/perspektiveyewear.com\/producto\/aw57-black-smoke\/"]}]},{"@type":"ImageObject","inLanguage":"en-US","@id":"https:\/\/perspektiveyewear.com\/producto\/aw57-black-smoke\/#primaryimage","url":"https:\/\/perspektiveyewear.com\/wp-content\/uploads\/2025\/06\/aw57-black-smoke-1.jpg","contentUrl":"https:\/\/perspektiveyewear.com\/wp-content\/uploads\/2025\/06\/aw57-black-smoke-1.jpg","width":1080,"height":1080},{"@type":"BreadcrumbList","@id":"https:\/\/perspektiveyewear.com\/producto\/aw57-black-smoke\/#breadcrumb","itemListElement":[{"@type":"ListItem","position":1,"name":"Portada","item":"https:\/\/perspektiveyewear.com\/"},{"@type":"ListItem","position":2,"name":"Tienda de gafas: lectura, sol y filtro azul","item":"https:\/\/perspektiveyewear.com\/tienda\/"},{"@type":"ListItem","position":3,"name":"AW57 Black Smoke"}]},{"@type":"WebSite","@id":"https:\/\/perspektiveyewear.com\/#website","url":"https:\/\/perspektiveyewear.com\/","name":"Perspektiv","description":"Tienda de gafas","publisher":{"@id":"https:\/\/perspektiveyewear.com\/#organization"},"potentialAction":[{"@type":"SearchAction","target":{"@type":"EntryPoint","urlTemplate":"https:\/\/perspektiveyewear.com\/?s={search_term_string}"},"query-input":{"@type":"PropertyValueSpecification","valueRequired":true,"valueName":"search_term_string"}}],"inLanguage":"en-US"},{"@type":"Organization","@id":"https:\/\/perspektiveyewear.com\/#organization","name":"Perspektiv","url":"https:\/\/perspektiveyewear.com\/","logo":{"@type":"ImageObject","inLanguage":"en-US","@id":"https:\/\/perspektiveyewear.com\/#\/schema\/logo\/image\/","url":"https:\/\/perspektiveyewear.com\/wp-content\/uploads\/2025\/06\/logo-sin-margen-1.svg","contentUrl":"https:\/\/perspektiveyewear.com\/wp-content\/uploads\/2025\/06\/logo-sin-margen-1.svg","width":235,"height":23,"caption":"Perspektiv"},"image":{"@id":"https:\/\/perspektiveyewear.com\/#\/schema\/logo\/image\/"}}]},"product_price_amount":"21.90","product_price_currency":"EUR","og_availability":"instock","product_availability":"instock","product_condition":"new"},"_links":{"self":[{"href":"https:\/\/perspektiveyewear.com\/en\/wp-json\/wp\/v2\/product\/832","targetHints":{"allow":["GET"]}}],"collection":[{"href":"https:\/\/perspektiveyewear.com\/en\/wp-json\/wp\/v2\/product"}],"about":[{"href":"https:\/\/perspektiveyewear.com\/en\/wp-json\/wp\/v2\/types\/product"}],"replies":[{"embeddable":true,"href":"https:\/\/perspektiveyewear.com\/en\/wp-json\/wp\/v2\/comments?post=832"}],"wp:featuredmedia":[{"embeddable":true,"href":"https:\/\/perspektiveyewear.com\/en\/wp-json\/wp\/v2\/media\/824"}],"wp:attachment":[{"href":"https:\/\/perspektiveyewear.com\/en\/wp-json\/wp\/v2\/media?parent=832"}],"wp:term":[{"taxonomy":"product_brand","embeddable":true,"href":"https:\/\/perspektiveyewear.com\/en\/wp-json\/wp\/v2\/product_brand?post=832"},{"taxonomy":"product_cat","embeddable":true,"href":"https:\/\/perspektiveyewear.com\/en\/wp-json\/wp\/v2\/product_cat?post=832"},{"taxonomy":"product_tag","embeddable":true,"href":"https:\/\/perspektiveyewear.com\/en\/wp-json\/wp\/v2\/product_tag?post=832"}],"curies":[{"name":"wp","href":"https:\/\/api.w.org\/{rel}","templated":true}]}}