{"id":1587,"date":"2026-04-10T09:54:29","date_gmt":"2026-04-10T09:54:29","guid":{"rendered":"https:\/\/perspektiveyewear.com\/?post_type=product&#038;p=1587"},"modified":"2026-04-13T09:17:19","modified_gmt":"2026-04-13T09:17:19","slug":"aw68-gold-brown","status":"publish","type":"product","link":"https:\/\/perspektiveyewear.com\/en\/product\/aw68-gold-brown\/","title":{"rendered":"AW68 Gold Brown"},"content":{"rendered":"<p class=\"ai-optimize-19 ai-optimize-introduction\">These <b>AW68 Gold Brown<\/b> combina una <b>montura met\u00e1lica en acabado dorado<\/b> con lentes en <b>tono marr\u00f3n<\/b>, creando un conjunto m\u00e1s c\u00e1lido y equilibrado.<\/p>\n<p class=\"ai-optimize-20\">Su <b>forma rectangular con bordes suavizados<\/b> aporta estructura sin endurecer el rostro, y el puente met\u00e1lico refuerza ese dise\u00f1o m\u00e1s fino y ligero.<\/p>\n<p class=\"ai-optimize-21\">Incluye <b>lentes polarizadas<\/b> and <b>filtro UV400 de categor\u00eda 3<\/b>, pensadas para mejorar la visi\u00f3n y reducir reflejos en exteriores.<\/p>\n<p class=\"ai-optimize-22\"><span data-testid=\"issue-activity-feed.feed-display-with-intersection-observer\">Un modelo ligero con un estilo cuidado en los detalles<\/span><\/p>","protected":false},"excerpt":{"rendered":"<p>La AW68 Gold Brown combina una montura met\u00e1lica en acabado dorado con lentes en tono marr\u00f3n, creando un conjunto m\u00e1s c\u00e1lido y equilibrado. Su forma rectangular con bordes suavizados aporta estructura sin endurecer el rostro, y el puente met\u00e1lico refuerza ese dise\u00f1o m\u00e1s fino y ligero. Incluye lentes polarizadas y filtro UV400 de categor\u00eda 3, [&hellip;]<\/p>","protected":false},"featured_media":1576,"comment_status":"open","ping_status":"closed","template":"","meta":{"_acf_changed":false,"inline_featured_image":false},"product_brand":[],"product_cat":[31],"product_tag":[],"class_list":{"0":"post-1587","1":"product","2":"type-product","3":"status-publish","4":"has-post-thumbnail","6":"product_cat-sunglasses","8":"first","9":"instock","10":"taxable","11":"shipping-taxable","12":"purchasable","13":"product-type-simple"},"acf":[],"yoast_head":"<!-- This site is optimized with the Yoast SEO Premium plugin v25.3 (Yoast SEO v27.4) - https:\/\/yoast.com\/product\/yoast-seo-premium-wordpress\/ -->\n<title>Gafas de sol AW68 Gold Brown polarizadas | Perspektiv<\/title>\n<meta name=\"description\" content=\"Gafas de sol AW68 Gold Brown con lentes polarizadas y filtro UV400 categor\u00eda 3. Montura dorada y lentes marrones con dise\u00f1o ligero.\" \/>\n<meta name=\"robots\" content=\"index, follow, max-snippet:-1, max-image-preview:large, max-video-preview:-1\" \/>\n<link rel=\"canonical\" href=\"https:\/\/perspektiveyewear.com\/en\/product\/aw68-gold-brown\/\" \/>\n<meta property=\"og:locale\" content=\"en_US\" \/>\n<meta property=\"og:type\" content=\"article\" \/>\n<meta property=\"og:title\" content=\"AW68 Gold Brown\" \/>\n<meta property=\"og:description\" content=\"Gafas de sol AW68 Gold Brown con lentes polarizadas y filtro UV400 categor\u00eda 3. Montura dorada y lentes marrones con dise\u00f1o ligero.\" \/>\n<meta property=\"og:url\" content=\"https:\/\/perspektiveyewear.com\/en\/product\/aw68-gold-brown\/\" \/>\n<meta property=\"og:site_name\" content=\"Perspektiv\" \/>\n<meta property=\"article:modified_time\" content=\"2026-04-13T09:17:19+00:00\" \/>\n<meta property=\"og:image\" content=\"https:\/\/perspektiveyewear.com\/wp-content\/uploads\/2026\/04\/19.jpg\" \/>\n\t<meta property=\"og:image:width\" content=\"1080\" \/>\n\t<meta property=\"og:image:height\" content=\"1080\" \/>\n\t<meta property=\"og:image:type\" content=\"image\/jpeg\" \/>\n<meta name=\"twitter:card\" content=\"summary_large_image\" \/>\n<meta name=\"twitter:label1\" content=\"Price\" \/>\n\t<meta name=\"twitter:data1\" content=\"21,90&nbsp;&euro;\" \/>\n\t<meta name=\"twitter:label2\" content=\"Availability\" \/>\n\t<meta name=\"twitter:data2\" content=\"In stock\" \/>\n<script type=\"application\/ld+json\" class=\"yoast-schema-graph\">{\"@context\":\"https:\\\/\\\/schema.org\",\"@graph\":[{\"@type\":\"WebPage\",\"@id\":\"https:\\\/\\\/perspektiveyewear.com\\\/producto\\\/aw68-gold-brown\\\/\",\"url\":\"https:\\\/\\\/perspektiveyewear.com\\\/producto\\\/aw68-gold-brown\\\/\",\"name\":\"Gafas de sol AW68 Gold Brown polarizadas | Perspektiv\",\"isPartOf\":{\"@id\":\"https:\\\/\\\/perspektiveyewear.com\\\/#website\"},\"primaryImageOfPage\":{\"@id\":\"https:\\\/\\\/perspektiveyewear.com\\\/producto\\\/aw68-gold-brown\\\/#primaryimage\"},\"image\":{\"@id\":\"https:\\\/\\\/perspektiveyewear.com\\\/producto\\\/aw68-gold-brown\\\/#primaryimage\"},\"thumbnailUrl\":\"https:\\\/\\\/perspektiveyewear.com\\\/wp-content\\\/uploads\\\/2026\\\/04\\\/19.jpg\",\"datePublished\":\"2026-04-10T09:54:29+00:00\",\"dateModified\":\"2026-04-13T09:17:19+00:00\",\"description\":\"Gafas de sol AW68 Gold Brown con lentes polarizadas y filtro UV400 categor\u00eda 3. Montura dorada y lentes marrones con dise\u00f1o ligero.\",\"breadcrumb\":{\"@id\":\"https:\\\/\\\/perspektiveyewear.com\\\/producto\\\/aw68-gold-brown\\\/#breadcrumb\"},\"inLanguage\":\"en-US\",\"potentialAction\":[{\"@type\":\"ReadAction\",\"target\":[\"https:\\\/\\\/perspektiveyewear.com\\\/producto\\\/aw68-gold-brown\\\/\"]}]},{\"@type\":\"ImageObject\",\"inLanguage\":\"en-US\",\"@id\":\"https:\\\/\\\/perspektiveyewear.com\\\/producto\\\/aw68-gold-brown\\\/#primaryimage\",\"url\":\"https:\\\/\\\/perspektiveyewear.com\\\/wp-content\\\/uploads\\\/2026\\\/04\\\/19.jpg\",\"contentUrl\":\"https:\\\/\\\/perspektiveyewear.com\\\/wp-content\\\/uploads\\\/2026\\\/04\\\/19.jpg\",\"width\":1080,\"height\":1080},{\"@type\":\"BreadcrumbList\",\"@id\":\"https:\\\/\\\/perspektiveyewear.com\\\/producto\\\/aw68-gold-brown\\\/#breadcrumb\",\"itemListElement\":[{\"@type\":\"ListItem\",\"position\":1,\"name\":\"Portada\",\"item\":\"https:\\\/\\\/perspektiveyewear.com\\\/\"},{\"@type\":\"ListItem\",\"position\":2,\"name\":\"Tienda de gafas: lectura, sol y filtro azul\",\"item\":\"https:\\\/\\\/perspektiveyewear.com\\\/tienda\\\/\"},{\"@type\":\"ListItem\",\"position\":3,\"name\":\"AW68 Gold Brown\"}]},{\"@type\":\"WebSite\",\"@id\":\"https:\\\/\\\/perspektiveyewear.com\\\/#website\",\"url\":\"https:\\\/\\\/perspektiveyewear.com\\\/\",\"name\":\"Perspektiv\",\"description\":\"Tienda de gafas\",\"publisher\":{\"@id\":\"https:\\\/\\\/perspektiveyewear.com\\\/#organization\"},\"potentialAction\":[{\"@type\":\"SearchAction\",\"target\":{\"@type\":\"EntryPoint\",\"urlTemplate\":\"https:\\\/\\\/perspektiveyewear.com\\\/?s={search_term_string}\"},\"query-input\":{\"@type\":\"PropertyValueSpecification\",\"valueRequired\":true,\"valueName\":\"search_term_string\"}}],\"inLanguage\":\"en-US\"},{\"@type\":\"Organization\",\"@id\":\"https:\\\/\\\/perspektiveyewear.com\\\/#organization\",\"name\":\"Perspektiv\",\"url\":\"https:\\\/\\\/perspektiveyewear.com\\\/\",\"logo\":{\"@type\":\"ImageObject\",\"inLanguage\":\"en-US\",\"@id\":\"https:\\\/\\\/perspektiveyewear.com\\\/#\\\/schema\\\/logo\\\/image\\\/\",\"url\":\"https:\\\/\\\/perspektiveyewear.com\\\/wp-content\\\/uploads\\\/2025\\\/06\\\/logo-sin-margen-1.svg\",\"contentUrl\":\"https:\\\/\\\/perspektiveyewear.com\\\/wp-content\\\/uploads\\\/2025\\\/06\\\/logo-sin-margen-1.svg\",\"width\":235,\"height\":23,\"caption\":\"Perspektiv\"},\"image\":{\"@id\":\"https:\\\/\\\/perspektiveyewear.com\\\/#\\\/schema\\\/logo\\\/image\\\/\"}}]}<\/script>\n<meta property=\"product:price:amount\" content=\"21.90\" \/>\n<meta property=\"product:price:currency\" content=\"EUR\" \/>\n<meta property=\"og:availability\" content=\"instock\" \/>\n<meta property=\"product:availability\" content=\"instock\" \/>\n<meta property=\"product:condition\" content=\"new\" \/>\n<!-- \/ Yoast SEO Premium plugin. -->","yoast_head_json":{"title":"Gafas de sol AW68 Gold Brown polarizadas | Perspektiv","description":"Gafas de sol AW68 Gold Brown con lentes polarizadas y filtro UV400 categor\u00eda 3. Montura dorada y lentes marrones con dise\u00f1o ligero.","robots":{"index":"index","follow":"follow","max-snippet":"max-snippet:-1","max-image-preview":"max-image-preview:large","max-video-preview":"max-video-preview:-1"},"canonical":"https:\/\/perspektiveyewear.com\/en\/product\/aw68-gold-brown\/","og_locale":"en_US","og_type":"article","og_title":"AW68 Gold Brown","og_description":"Gafas de sol AW68 Gold Brown con lentes polarizadas y filtro UV400 categor\u00eda 3. Montura dorada y lentes marrones con dise\u00f1o ligero.","og_url":"https:\/\/perspektiveyewear.com\/en\/product\/aw68-gold-brown\/","og_site_name":"Perspektiv","article_modified_time":"2026-04-13T09:17:19+00:00","og_image":[{"width":1080,"height":1080,"url":"https:\/\/perspektiveyewear.com\/wp-content\/uploads\/2026\/04\/19.jpg","type":"image\/jpeg"}],"twitter_card":"summary_large_image","twitter_misc":{"Price":"21,90&nbsp;&euro;","Availability":"In stock"},"schema":{"@context":"https:\/\/schema.org","@graph":[{"@type":"WebPage","@id":"https:\/\/perspektiveyewear.com\/producto\/aw68-gold-brown\/","url":"https:\/\/perspektiveyewear.com\/producto\/aw68-gold-brown\/","name":"Gafas de sol AW68 Gold Brown polarizadas | Perspektiv","isPartOf":{"@id":"https:\/\/perspektiveyewear.com\/#website"},"primaryImageOfPage":{"@id":"https:\/\/perspektiveyewear.com\/producto\/aw68-gold-brown\/#primaryimage"},"image":{"@id":"https:\/\/perspektiveyewear.com\/producto\/aw68-gold-brown\/#primaryimage"},"thumbnailUrl":"https:\/\/perspektiveyewear.com\/wp-content\/uploads\/2026\/04\/19.jpg","datePublished":"2026-04-10T09:54:29+00:00","dateModified":"2026-04-13T09:17:19+00:00","description":"Gafas de sol AW68 Gold Brown con lentes polarizadas y filtro UV400 categor\u00eda 3. Montura dorada y lentes marrones con dise\u00f1o ligero.","breadcrumb":{"@id":"https:\/\/perspektiveyewear.com\/producto\/aw68-gold-brown\/#breadcrumb"},"inLanguage":"en-US","potentialAction":[{"@type":"ReadAction","target":["https:\/\/perspektiveyewear.com\/producto\/aw68-gold-brown\/"]}]},{"@type":"ImageObject","inLanguage":"en-US","@id":"https:\/\/perspektiveyewear.com\/producto\/aw68-gold-brown\/#primaryimage","url":"https:\/\/perspektiveyewear.com\/wp-content\/uploads\/2026\/04\/19.jpg","contentUrl":"https:\/\/perspektiveyewear.com\/wp-content\/uploads\/2026\/04\/19.jpg","width":1080,"height":1080},{"@type":"BreadcrumbList","@id":"https:\/\/perspektiveyewear.com\/producto\/aw68-gold-brown\/#breadcrumb","itemListElement":[{"@type":"ListItem","position":1,"name":"Portada","item":"https:\/\/perspektiveyewear.com\/"},{"@type":"ListItem","position":2,"name":"Tienda de gafas: lectura, sol y filtro azul","item":"https:\/\/perspektiveyewear.com\/tienda\/"},{"@type":"ListItem","position":3,"name":"AW68 Gold Brown"}]},{"@type":"WebSite","@id":"https:\/\/perspektiveyewear.com\/#website","url":"https:\/\/perspektiveyewear.com\/","name":"Perspektiv","description":"Tienda de gafas","publisher":{"@id":"https:\/\/perspektiveyewear.com\/#organization"},"potentialAction":[{"@type":"SearchAction","target":{"@type":"EntryPoint","urlTemplate":"https:\/\/perspektiveyewear.com\/?s={search_term_string}"},"query-input":{"@type":"PropertyValueSpecification","valueRequired":true,"valueName":"search_term_string"}}],"inLanguage":"en-US"},{"@type":"Organization","@id":"https:\/\/perspektiveyewear.com\/#organization","name":"Perspektiv","url":"https:\/\/perspektiveyewear.com\/","logo":{"@type":"ImageObject","inLanguage":"en-US","@id":"https:\/\/perspektiveyewear.com\/#\/schema\/logo\/image\/","url":"https:\/\/perspektiveyewear.com\/wp-content\/uploads\/2025\/06\/logo-sin-margen-1.svg","contentUrl":"https:\/\/perspektiveyewear.com\/wp-content\/uploads\/2025\/06\/logo-sin-margen-1.svg","width":235,"height":23,"caption":"Perspektiv"},"image":{"@id":"https:\/\/perspektiveyewear.com\/#\/schema\/logo\/image\/"}}]},"product_price_amount":"21.90","product_price_currency":"EUR","og_availability":"instock","product_availability":"instock","product_condition":"new"},"_links":{"self":[{"href":"https:\/\/perspektiveyewear.com\/en\/wp-json\/wp\/v2\/product\/1587","targetHints":{"allow":["GET"]}}],"collection":[{"href":"https:\/\/perspektiveyewear.com\/en\/wp-json\/wp\/v2\/product"}],"about":[{"href":"https:\/\/perspektiveyewear.com\/en\/wp-json\/wp\/v2\/types\/product"}],"replies":[{"embeddable":true,"href":"https:\/\/perspektiveyewear.com\/en\/wp-json\/wp\/v2\/comments?post=1587"}],"wp:featuredmedia":[{"embeddable":true,"href":"https:\/\/perspektiveyewear.com\/en\/wp-json\/wp\/v2\/media\/1576"}],"wp:attachment":[{"href":"https:\/\/perspektiveyewear.com\/en\/wp-json\/wp\/v2\/media?parent=1587"}],"wp:term":[{"taxonomy":"product_brand","embeddable":true,"href":"https:\/\/perspektiveyewear.com\/en\/wp-json\/wp\/v2\/product_brand?post=1587"},{"taxonomy":"product_cat","embeddable":true,"href":"https:\/\/perspektiveyewear.com\/en\/wp-json\/wp\/v2\/product_cat?post=1587"},{"taxonomy":"product_tag","embeddable":true,"href":"https:\/\/perspektiveyewear.com\/en\/wp-json\/wp\/v2\/product_tag?post=1587"}],"curies":[{"name":"wp","href":"https:\/\/api.w.org\/{rel}","templated":true}]}}