{"id":1584,"date":"2026-04-10T09:51:39","date_gmt":"2026-04-10T09:51:39","guid":{"rendered":"https:\/\/perspektiveyewear.com\/?post_type=product&#038;p=1584"},"modified":"2026-04-10T09:51:39","modified_gmt":"2026-04-10T09:51:39","slug":"aw65-yellow","status":"publish","type":"product","link":"https:\/\/perspektiveyewear.com\/en\/product\/aw65-yellow\/","title":{"rendered":"AW65 Yellow"},"content":{"rendered":"<p class=\"ai-optimize-19 ai-optimize-introduction\">These <b>AW65 Yellow<\/b> tiene una <b>forma ovalada y estrecha<\/b>, pensada para quienes buscan algo diferente a las monturas m\u00e1s grandes.<\/p>\n<p class=\"ai-optimize-20\">The <b>amarillo transl\u00facido<\/b> le da un punto luminoso y fresco, combinado con lentes en tono c\u00e1lido que suavizan la luz.<\/p>\n<p class=\"ai-optimize-21\">Incluye <b>lentes polarizadas<\/b> and <b>filtro UV400 de categor\u00eda 3<\/b>, para reducir reflejos y proteger la vista en exteriores.<\/p>\n<p class=\"ai-optimize-22\">Un modelo peque\u00f1o, c\u00f3modo y con mucho rollo.<\/p>","protected":false},"excerpt":{"rendered":"<p>La AW65 Yellow tiene una forma ovalada y estrecha, pensada para quienes buscan algo diferente a las monturas m\u00e1s grandes. El amarillo transl\u00facido le da un punto luminoso y fresco, combinado con lentes en tono c\u00e1lido que suavizan la luz. Incluye lentes polarizadas y filtro UV400 de categor\u00eda 3, para reducir reflejos y proteger la [&hellip;]<\/p>","protected":false},"featured_media":1570,"comment_status":"open","ping_status":"closed","template":"","meta":{"_acf_changed":false,"inline_featured_image":false},"product_brand":[],"product_cat":[31],"product_tag":[],"class_list":{"0":"post-1584","1":"product","2":"type-product","3":"status-publish","4":"has-post-thumbnail","6":"product_cat-sunglasses","8":"first","9":"instock","10":"taxable","11":"shipping-taxable","12":"purchasable","13":"product-type-simple"},"acf":[],"yoast_head":"<!-- This site is optimized with the Yoast SEO Premium plugin v25.3 (Yoast SEO v27.4) - https:\/\/yoast.com\/product\/yoast-seo-premium-wordpress\/ -->\n<title>Gafas de sol AW65 Yellow polarizadas | Perspektiv<\/title>\n<meta name=\"description\" content=\"Gafas de sol AW65 Yellow con lentes polarizadas y filtro UV400 categor\u00eda 3. Dise\u00f1o ovalado en amarillo transl\u00facido, ligero y c\u00f3modo.\" \/>\n<meta name=\"robots\" content=\"index, follow, max-snippet:-1, max-image-preview:large, max-video-preview:-1\" \/>\n<link rel=\"canonical\" href=\"https:\/\/perspektiveyewear.com\/en\/product\/aw65-yellow\/\" \/>\n<meta property=\"og:locale\" content=\"en_US\" \/>\n<meta property=\"og:type\" content=\"article\" \/>\n<meta property=\"og:title\" content=\"AW65 Yellow\" \/>\n<meta property=\"og:description\" content=\"Gafas de sol AW65 Yellow con lentes polarizadas y filtro UV400 categor\u00eda 3. Dise\u00f1o ovalado en amarillo transl\u00facido, ligero y c\u00f3modo.\" \/>\n<meta property=\"og:url\" content=\"https:\/\/perspektiveyewear.com\/en\/product\/aw65-yellow\/\" \/>\n<meta property=\"og:site_name\" content=\"Perspektiv\" \/>\n<meta property=\"og:image\" content=\"https:\/\/perspektiveyewear.com\/wp-content\/uploads\/2026\/04\/13.jpg\" \/>\n\t<meta property=\"og:image:width\" content=\"1080\" \/>\n\t<meta property=\"og:image:height\" content=\"1080\" \/>\n\t<meta property=\"og:image:type\" content=\"image\/jpeg\" \/>\n<meta name=\"twitter:card\" content=\"summary_large_image\" \/>\n<meta name=\"twitter:label1\" content=\"Price\" \/>\n\t<meta name=\"twitter:data1\" content=\"21,90&nbsp;&euro;\" \/>\n\t<meta name=\"twitter:label2\" content=\"Availability\" \/>\n\t<meta name=\"twitter:data2\" content=\"In stock\" \/>\n<script type=\"application\/ld+json\" class=\"yoast-schema-graph\">{\"@context\":\"https:\\\/\\\/schema.org\",\"@graph\":[{\"@type\":\"WebPage\",\"@id\":\"https:\\\/\\\/perspektiveyewear.com\\\/producto\\\/aw65-yellow\\\/\",\"url\":\"https:\\\/\\\/perspektiveyewear.com\\\/producto\\\/aw65-yellow\\\/\",\"name\":\"Gafas de sol AW65 Yellow polarizadas | Perspektiv\",\"isPartOf\":{\"@id\":\"https:\\\/\\\/perspektiveyewear.com\\\/#website\"},\"primaryImageOfPage\":{\"@id\":\"https:\\\/\\\/perspektiveyewear.com\\\/producto\\\/aw65-yellow\\\/#primaryimage\"},\"image\":{\"@id\":\"https:\\\/\\\/perspektiveyewear.com\\\/producto\\\/aw65-yellow\\\/#primaryimage\"},\"thumbnailUrl\":\"https:\\\/\\\/perspektiveyewear.com\\\/wp-content\\\/uploads\\\/2026\\\/04\\\/13.jpg\",\"datePublished\":\"2026-04-10T09:51:39+00:00\",\"description\":\"Gafas de sol AW65 Yellow con lentes polarizadas y filtro UV400 categor\u00eda 3. Dise\u00f1o ovalado en amarillo transl\u00facido, ligero y c\u00f3modo.\",\"breadcrumb\":{\"@id\":\"https:\\\/\\\/perspektiveyewear.com\\\/producto\\\/aw65-yellow\\\/#breadcrumb\"},\"inLanguage\":\"en-US\",\"potentialAction\":[{\"@type\":\"ReadAction\",\"target\":[\"https:\\\/\\\/perspektiveyewear.com\\\/producto\\\/aw65-yellow\\\/\"]}]},{\"@type\":\"ImageObject\",\"inLanguage\":\"en-US\",\"@id\":\"https:\\\/\\\/perspektiveyewear.com\\\/producto\\\/aw65-yellow\\\/#primaryimage\",\"url\":\"https:\\\/\\\/perspektiveyewear.com\\\/wp-content\\\/uploads\\\/2026\\\/04\\\/13.jpg\",\"contentUrl\":\"https:\\\/\\\/perspektiveyewear.com\\\/wp-content\\\/uploads\\\/2026\\\/04\\\/13.jpg\",\"width\":1080,\"height\":1080},{\"@type\":\"BreadcrumbList\",\"@id\":\"https:\\\/\\\/perspektiveyewear.com\\\/producto\\\/aw65-yellow\\\/#breadcrumb\",\"itemListElement\":[{\"@type\":\"ListItem\",\"position\":1,\"name\":\"Portada\",\"item\":\"https:\\\/\\\/perspektiveyewear.com\\\/\"},{\"@type\":\"ListItem\",\"position\":2,\"name\":\"Tienda de gafas: lectura, sol y filtro azul\",\"item\":\"https:\\\/\\\/perspektiveyewear.com\\\/tienda\\\/\"},{\"@type\":\"ListItem\",\"position\":3,\"name\":\"AW65 Yellow\"}]},{\"@type\":\"WebSite\",\"@id\":\"https:\\\/\\\/perspektiveyewear.com\\\/#website\",\"url\":\"https:\\\/\\\/perspektiveyewear.com\\\/\",\"name\":\"Perspektiv\",\"description\":\"Tienda de gafas\",\"publisher\":{\"@id\":\"https:\\\/\\\/perspektiveyewear.com\\\/#organization\"},\"potentialAction\":[{\"@type\":\"SearchAction\",\"target\":{\"@type\":\"EntryPoint\",\"urlTemplate\":\"https:\\\/\\\/perspektiveyewear.com\\\/?s={search_term_string}\"},\"query-input\":{\"@type\":\"PropertyValueSpecification\",\"valueRequired\":true,\"valueName\":\"search_term_string\"}}],\"inLanguage\":\"en-US\"},{\"@type\":\"Organization\",\"@id\":\"https:\\\/\\\/perspektiveyewear.com\\\/#organization\",\"name\":\"Perspektiv\",\"url\":\"https:\\\/\\\/perspektiveyewear.com\\\/\",\"logo\":{\"@type\":\"ImageObject\",\"inLanguage\":\"en-US\",\"@id\":\"https:\\\/\\\/perspektiveyewear.com\\\/#\\\/schema\\\/logo\\\/image\\\/\",\"url\":\"https:\\\/\\\/perspektiveyewear.com\\\/wp-content\\\/uploads\\\/2025\\\/06\\\/logo-sin-margen-1.svg\",\"contentUrl\":\"https:\\\/\\\/perspektiveyewear.com\\\/wp-content\\\/uploads\\\/2025\\\/06\\\/logo-sin-margen-1.svg\",\"width\":235,\"height\":23,\"caption\":\"Perspektiv\"},\"image\":{\"@id\":\"https:\\\/\\\/perspektiveyewear.com\\\/#\\\/schema\\\/logo\\\/image\\\/\"}}]}<\/script>\n<meta property=\"product:price:amount\" content=\"21.90\" \/>\n<meta property=\"product:price:currency\" content=\"EUR\" \/>\n<meta property=\"og:availability\" content=\"instock\" \/>\n<meta property=\"product:availability\" content=\"instock\" \/>\n<meta property=\"product:condition\" content=\"new\" \/>\n<!-- \/ Yoast SEO Premium plugin. -->","yoast_head_json":{"title":"Gafas de sol AW65 Yellow polarizadas | Perspektiv","description":"Gafas de sol AW65 Yellow con lentes polarizadas y filtro UV400 categor\u00eda 3. Dise\u00f1o ovalado en amarillo transl\u00facido, ligero y c\u00f3modo.","robots":{"index":"index","follow":"follow","max-snippet":"max-snippet:-1","max-image-preview":"max-image-preview:large","max-video-preview":"max-video-preview:-1"},"canonical":"https:\/\/perspektiveyewear.com\/en\/product\/aw65-yellow\/","og_locale":"en_US","og_type":"article","og_title":"AW65 Yellow","og_description":"Gafas de sol AW65 Yellow con lentes polarizadas y filtro UV400 categor\u00eda 3. Dise\u00f1o ovalado en amarillo transl\u00facido, ligero y c\u00f3modo.","og_url":"https:\/\/perspektiveyewear.com\/en\/product\/aw65-yellow\/","og_site_name":"Perspektiv","og_image":[{"width":1080,"height":1080,"url":"https:\/\/perspektiveyewear.com\/wp-content\/uploads\/2026\/04\/13.jpg","type":"image\/jpeg"}],"twitter_card":"summary_large_image","twitter_misc":{"Price":"21,90&nbsp;&euro;","Availability":"In stock"},"schema":{"@context":"https:\/\/schema.org","@graph":[{"@type":"WebPage","@id":"https:\/\/perspektiveyewear.com\/producto\/aw65-yellow\/","url":"https:\/\/perspektiveyewear.com\/producto\/aw65-yellow\/","name":"Gafas de sol AW65 Yellow polarizadas | Perspektiv","isPartOf":{"@id":"https:\/\/perspektiveyewear.com\/#website"},"primaryImageOfPage":{"@id":"https:\/\/perspektiveyewear.com\/producto\/aw65-yellow\/#primaryimage"},"image":{"@id":"https:\/\/perspektiveyewear.com\/producto\/aw65-yellow\/#primaryimage"},"thumbnailUrl":"https:\/\/perspektiveyewear.com\/wp-content\/uploads\/2026\/04\/13.jpg","datePublished":"2026-04-10T09:51:39+00:00","description":"Gafas de sol AW65 Yellow con lentes polarizadas y filtro UV400 categor\u00eda 3. Dise\u00f1o ovalado en amarillo transl\u00facido, ligero y c\u00f3modo.","breadcrumb":{"@id":"https:\/\/perspektiveyewear.com\/producto\/aw65-yellow\/#breadcrumb"},"inLanguage":"en-US","potentialAction":[{"@type":"ReadAction","target":["https:\/\/perspektiveyewear.com\/producto\/aw65-yellow\/"]}]},{"@type":"ImageObject","inLanguage":"en-US","@id":"https:\/\/perspektiveyewear.com\/producto\/aw65-yellow\/#primaryimage","url":"https:\/\/perspektiveyewear.com\/wp-content\/uploads\/2026\/04\/13.jpg","contentUrl":"https:\/\/perspektiveyewear.com\/wp-content\/uploads\/2026\/04\/13.jpg","width":1080,"height":1080},{"@type":"BreadcrumbList","@id":"https:\/\/perspektiveyewear.com\/producto\/aw65-yellow\/#breadcrumb","itemListElement":[{"@type":"ListItem","position":1,"name":"Portada","item":"https:\/\/perspektiveyewear.com\/"},{"@type":"ListItem","position":2,"name":"Tienda de gafas: lectura, sol y filtro azul","item":"https:\/\/perspektiveyewear.com\/tienda\/"},{"@type":"ListItem","position":3,"name":"AW65 Yellow"}]},{"@type":"WebSite","@id":"https:\/\/perspektiveyewear.com\/#website","url":"https:\/\/perspektiveyewear.com\/","name":"Perspektiv","description":"Tienda de gafas","publisher":{"@id":"https:\/\/perspektiveyewear.com\/#organization"},"potentialAction":[{"@type":"SearchAction","target":{"@type":"EntryPoint","urlTemplate":"https:\/\/perspektiveyewear.com\/?s={search_term_string}"},"query-input":{"@type":"PropertyValueSpecification","valueRequired":true,"valueName":"search_term_string"}}],"inLanguage":"en-US"},{"@type":"Organization","@id":"https:\/\/perspektiveyewear.com\/#organization","name":"Perspektiv","url":"https:\/\/perspektiveyewear.com\/","logo":{"@type":"ImageObject","inLanguage":"en-US","@id":"https:\/\/perspektiveyewear.com\/#\/schema\/logo\/image\/","url":"https:\/\/perspektiveyewear.com\/wp-content\/uploads\/2025\/06\/logo-sin-margen-1.svg","contentUrl":"https:\/\/perspektiveyewear.com\/wp-content\/uploads\/2025\/06\/logo-sin-margen-1.svg","width":235,"height":23,"caption":"Perspektiv"},"image":{"@id":"https:\/\/perspektiveyewear.com\/#\/schema\/logo\/image\/"}}]},"product_price_amount":"21.90","product_price_currency":"EUR","og_availability":"instock","product_availability":"instock","product_condition":"new"},"_links":{"self":[{"href":"https:\/\/perspektiveyewear.com\/en\/wp-json\/wp\/v2\/product\/1584","targetHints":{"allow":["GET"]}}],"collection":[{"href":"https:\/\/perspektiveyewear.com\/en\/wp-json\/wp\/v2\/product"}],"about":[{"href":"https:\/\/perspektiveyewear.com\/en\/wp-json\/wp\/v2\/types\/product"}],"replies":[{"embeddable":true,"href":"https:\/\/perspektiveyewear.com\/en\/wp-json\/wp\/v2\/comments?post=1584"}],"wp:featuredmedia":[{"embeddable":true,"href":"https:\/\/perspektiveyewear.com\/en\/wp-json\/wp\/v2\/media\/1570"}],"wp:attachment":[{"href":"https:\/\/perspektiveyewear.com\/en\/wp-json\/wp\/v2\/media?parent=1584"}],"wp:term":[{"taxonomy":"product_brand","embeddable":true,"href":"https:\/\/perspektiveyewear.com\/en\/wp-json\/wp\/v2\/product_brand?post=1584"},{"taxonomy":"product_cat","embeddable":true,"href":"https:\/\/perspektiveyewear.com\/en\/wp-json\/wp\/v2\/product_cat?post=1584"},{"taxonomy":"product_tag","embeddable":true,"href":"https:\/\/perspektiveyewear.com\/en\/wp-json\/wp\/v2\/product_tag?post=1584"}],"curies":[{"name":"wp","href":"https:\/\/api.w.org\/{rel}","templated":true}]}}