{"id":1579,"date":"2026-04-10T09:47:28","date_gmt":"2026-04-10T09:47:28","guid":{"rendered":"https:\/\/perspektiveyewear.com\/?post_type=product&#038;p=1579"},"modified":"2026-04-10T09:47:29","modified_gmt":"2026-04-10T09:47:29","slug":"aw61-white-nude","status":"publish","type":"product","link":"https:\/\/perspektiveyewear.com\/en\/product\/aw61-white-nude\/","title":{"rendered":"AW61 White Nude"},"content":{"rendered":"<p class=\"ai-optimize-19 ai-optimize-introduction\">Con <b>filtro UV400 de categor\u00eda 3<\/b> and <b>lentes polarizadas<\/b>, la <b>AW61 White Nude<\/b> ayuda a proteger la vista y a minimizar reflejos en condiciones de mucha luz.<\/p>\n<p class=\"ai-optimize-20\">Combina una <b>montura en blanco s\u00f3lido<\/b> con <b>lentes en tono rosado<\/b>, creando un contraste suave pero llamativo. Su <b>forma redondeada con ligera ca\u00edda<\/b> aporta un aire m\u00e1s relajado y diferente.<\/p>\n<p class=\"ai-optimize-21\">Un dise\u00f1o <b>ligero<\/b>, <b>c\u00f3modo<\/b> y con un punto distinto para quienes buscan algo menos convencional.<\/p>","protected":false},"excerpt":{"rendered":"<p>Con filtro UV400 de categor\u00eda 3 y lentes polarizadas, la AW61 White Nude ayuda a proteger la vista y a minimizar reflejos en condiciones de mucha luz. Combina una montura en blanco s\u00f3lido con lentes en tono rosado, creando un contraste suave pero llamativo. Su forma redondeada con ligera ca\u00edda aporta un aire m\u00e1s relajado [&hellip;]<\/p>","protected":false},"featured_media":1562,"comment_status":"open","ping_status":"closed","template":"","meta":{"_acf_changed":false,"inline_featured_image":false},"product_brand":[],"product_cat":[31],"product_tag":[],"class_list":{"0":"post-1579","1":"product","2":"type-product","3":"status-publish","4":"has-post-thumbnail","6":"product_cat-sunglasses","8":"first","9":"instock","10":"taxable","11":"shipping-taxable","12":"purchasable","13":"product-type-simple"},"acf":[],"yoast_head":"<!-- This site is optimized with the Yoast SEO Premium plugin v25.3 (Yoast SEO v27.4) - https:\/\/yoast.com\/product\/yoast-seo-premium-wordpress\/ -->\n<title>Gafas de sol AW61 White Nude polarizadas | Perspektiv<\/title>\n<meta name=\"description\" content=\"Gafas de sol AW61 White Nude con filtro UV400 categor\u00eda 3 y lentes polarizadas. Montura blanca y lentes rosadas con dise\u00f1o c\u00f3modo y actual.\" \/>\n<meta name=\"robots\" content=\"index, follow, max-snippet:-1, max-image-preview:large, max-video-preview:-1\" \/>\n<link rel=\"canonical\" href=\"https:\/\/perspektiveyewear.com\/en\/product\/aw61-white-nude\/\" \/>\n<meta property=\"og:locale\" content=\"en_US\" \/>\n<meta property=\"og:type\" content=\"article\" \/>\n<meta property=\"og:title\" content=\"AW61 White Nude\" \/>\n<meta property=\"og:description\" content=\"Gafas de sol AW61 White Nude con filtro UV400 categor\u00eda 3 y lentes polarizadas. Montura blanca y lentes rosadas con dise\u00f1o c\u00f3modo y actual.\" \/>\n<meta property=\"og:url\" content=\"https:\/\/perspektiveyewear.com\/en\/product\/aw61-white-nude\/\" \/>\n<meta property=\"og:site_name\" content=\"Perspektiv\" \/>\n<meta property=\"article:modified_time\" content=\"2026-04-10T09:47:29+00:00\" \/>\n<meta property=\"og:image\" content=\"https:\/\/perspektiveyewear.com\/wp-content\/uploads\/2026\/04\/5.jpg\" \/>\n\t<meta property=\"og:image:width\" content=\"1080\" \/>\n\t<meta property=\"og:image:height\" content=\"1080\" \/>\n\t<meta property=\"og:image:type\" content=\"image\/jpeg\" \/>\n<meta name=\"twitter:card\" content=\"summary_large_image\" \/>\n<meta name=\"twitter:label1\" content=\"Price\" \/>\n\t<meta name=\"twitter:data1\" content=\"21,90&nbsp;&euro;\" \/>\n\t<meta name=\"twitter:label2\" content=\"Availability\" \/>\n\t<meta name=\"twitter:data2\" content=\"In stock\" \/>\n<script type=\"application\/ld+json\" class=\"yoast-schema-graph\">{\"@context\":\"https:\\\/\\\/schema.org\",\"@graph\":[{\"@type\":\"WebPage\",\"@id\":\"https:\\\/\\\/perspektiveyewear.com\\\/producto\\\/aw61-white-nude\\\/\",\"url\":\"https:\\\/\\\/perspektiveyewear.com\\\/producto\\\/aw61-white-nude\\\/\",\"name\":\"Gafas de sol AW61 White Nude polarizadas | Perspektiv\",\"isPartOf\":{\"@id\":\"https:\\\/\\\/perspektiveyewear.com\\\/#website\"},\"primaryImageOfPage\":{\"@id\":\"https:\\\/\\\/perspektiveyewear.com\\\/producto\\\/aw61-white-nude\\\/#primaryimage\"},\"image\":{\"@id\":\"https:\\\/\\\/perspektiveyewear.com\\\/producto\\\/aw61-white-nude\\\/#primaryimage\"},\"thumbnailUrl\":\"https:\\\/\\\/perspektiveyewear.com\\\/wp-content\\\/uploads\\\/2026\\\/04\\\/5.jpg\",\"datePublished\":\"2026-04-10T09:47:28+00:00\",\"dateModified\":\"2026-04-10T09:47:29+00:00\",\"description\":\"Gafas de sol AW61 White Nude con filtro UV400 categor\u00eda 3 y lentes polarizadas. Montura blanca y lentes rosadas con dise\u00f1o c\u00f3modo y actual.\",\"breadcrumb\":{\"@id\":\"https:\\\/\\\/perspektiveyewear.com\\\/producto\\\/aw61-white-nude\\\/#breadcrumb\"},\"inLanguage\":\"en-US\",\"potentialAction\":[{\"@type\":\"ReadAction\",\"target\":[\"https:\\\/\\\/perspektiveyewear.com\\\/producto\\\/aw61-white-nude\\\/\"]}]},{\"@type\":\"ImageObject\",\"inLanguage\":\"en-US\",\"@id\":\"https:\\\/\\\/perspektiveyewear.com\\\/producto\\\/aw61-white-nude\\\/#primaryimage\",\"url\":\"https:\\\/\\\/perspektiveyewear.com\\\/wp-content\\\/uploads\\\/2026\\\/04\\\/5.jpg\",\"contentUrl\":\"https:\\\/\\\/perspektiveyewear.com\\\/wp-content\\\/uploads\\\/2026\\\/04\\\/5.jpg\",\"width\":1080,\"height\":1080},{\"@type\":\"BreadcrumbList\",\"@id\":\"https:\\\/\\\/perspektiveyewear.com\\\/producto\\\/aw61-white-nude\\\/#breadcrumb\",\"itemListElement\":[{\"@type\":\"ListItem\",\"position\":1,\"name\":\"Portada\",\"item\":\"https:\\\/\\\/perspektiveyewear.com\\\/\"},{\"@type\":\"ListItem\",\"position\":2,\"name\":\"Tienda de gafas: lectura, sol y filtro azul\",\"item\":\"https:\\\/\\\/perspektiveyewear.com\\\/tienda\\\/\"},{\"@type\":\"ListItem\",\"position\":3,\"name\":\"AW61 White Nude\"}]},{\"@type\":\"WebSite\",\"@id\":\"https:\\\/\\\/perspektiveyewear.com\\\/#website\",\"url\":\"https:\\\/\\\/perspektiveyewear.com\\\/\",\"name\":\"Perspektiv\",\"description\":\"Tienda de gafas\",\"publisher\":{\"@id\":\"https:\\\/\\\/perspektiveyewear.com\\\/#organization\"},\"potentialAction\":[{\"@type\":\"SearchAction\",\"target\":{\"@type\":\"EntryPoint\",\"urlTemplate\":\"https:\\\/\\\/perspektiveyewear.com\\\/?s={search_term_string}\"},\"query-input\":{\"@type\":\"PropertyValueSpecification\",\"valueRequired\":true,\"valueName\":\"search_term_string\"}}],\"inLanguage\":\"en-US\"},{\"@type\":\"Organization\",\"@id\":\"https:\\\/\\\/perspektiveyewear.com\\\/#organization\",\"name\":\"Perspektiv\",\"url\":\"https:\\\/\\\/perspektiveyewear.com\\\/\",\"logo\":{\"@type\":\"ImageObject\",\"inLanguage\":\"en-US\",\"@id\":\"https:\\\/\\\/perspektiveyewear.com\\\/#\\\/schema\\\/logo\\\/image\\\/\",\"url\":\"https:\\\/\\\/perspektiveyewear.com\\\/wp-content\\\/uploads\\\/2025\\\/06\\\/logo-sin-margen-1.svg\",\"contentUrl\":\"https:\\\/\\\/perspektiveyewear.com\\\/wp-content\\\/uploads\\\/2025\\\/06\\\/logo-sin-margen-1.svg\",\"width\":235,\"height\":23,\"caption\":\"Perspektiv\"},\"image\":{\"@id\":\"https:\\\/\\\/perspektiveyewear.com\\\/#\\\/schema\\\/logo\\\/image\\\/\"}}]}<\/script>\n<meta property=\"product:price:amount\" content=\"21.90\" \/>\n<meta property=\"product:price:currency\" content=\"EUR\" \/>\n<meta property=\"og:availability\" content=\"instock\" \/>\n<meta property=\"product:availability\" content=\"instock\" \/>\n<meta property=\"product:condition\" content=\"new\" \/>\n<!-- \/ Yoast SEO Premium plugin. -->","yoast_head_json":{"title":"Gafas de sol AW61 White Nude polarizadas | Perspektiv","description":"Gafas de sol AW61 White Nude con filtro UV400 categor\u00eda 3 y lentes polarizadas. Montura blanca y lentes rosadas con dise\u00f1o c\u00f3modo y actual.","robots":{"index":"index","follow":"follow","max-snippet":"max-snippet:-1","max-image-preview":"max-image-preview:large","max-video-preview":"max-video-preview:-1"},"canonical":"https:\/\/perspektiveyewear.com\/en\/product\/aw61-white-nude\/","og_locale":"en_US","og_type":"article","og_title":"AW61 White Nude","og_description":"Gafas de sol AW61 White Nude con filtro UV400 categor\u00eda 3 y lentes polarizadas. Montura blanca y lentes rosadas con dise\u00f1o c\u00f3modo y actual.","og_url":"https:\/\/perspektiveyewear.com\/en\/product\/aw61-white-nude\/","og_site_name":"Perspektiv","article_modified_time":"2026-04-10T09:47:29+00:00","og_image":[{"width":1080,"height":1080,"url":"https:\/\/perspektiveyewear.com\/wp-content\/uploads\/2026\/04\/5.jpg","type":"image\/jpeg"}],"twitter_card":"summary_large_image","twitter_misc":{"Price":"21,90&nbsp;&euro;","Availability":"In stock"},"schema":{"@context":"https:\/\/schema.org","@graph":[{"@type":"WebPage","@id":"https:\/\/perspektiveyewear.com\/producto\/aw61-white-nude\/","url":"https:\/\/perspektiveyewear.com\/producto\/aw61-white-nude\/","name":"Gafas de sol AW61 White Nude polarizadas | Perspektiv","isPartOf":{"@id":"https:\/\/perspektiveyewear.com\/#website"},"primaryImageOfPage":{"@id":"https:\/\/perspektiveyewear.com\/producto\/aw61-white-nude\/#primaryimage"},"image":{"@id":"https:\/\/perspektiveyewear.com\/producto\/aw61-white-nude\/#primaryimage"},"thumbnailUrl":"https:\/\/perspektiveyewear.com\/wp-content\/uploads\/2026\/04\/5.jpg","datePublished":"2026-04-10T09:47:28+00:00","dateModified":"2026-04-10T09:47:29+00:00","description":"Gafas de sol AW61 White Nude con filtro UV400 categor\u00eda 3 y lentes polarizadas. Montura blanca y lentes rosadas con dise\u00f1o c\u00f3modo y actual.","breadcrumb":{"@id":"https:\/\/perspektiveyewear.com\/producto\/aw61-white-nude\/#breadcrumb"},"inLanguage":"en-US","potentialAction":[{"@type":"ReadAction","target":["https:\/\/perspektiveyewear.com\/producto\/aw61-white-nude\/"]}]},{"@type":"ImageObject","inLanguage":"en-US","@id":"https:\/\/perspektiveyewear.com\/producto\/aw61-white-nude\/#primaryimage","url":"https:\/\/perspektiveyewear.com\/wp-content\/uploads\/2026\/04\/5.jpg","contentUrl":"https:\/\/perspektiveyewear.com\/wp-content\/uploads\/2026\/04\/5.jpg","width":1080,"height":1080},{"@type":"BreadcrumbList","@id":"https:\/\/perspektiveyewear.com\/producto\/aw61-white-nude\/#breadcrumb","itemListElement":[{"@type":"ListItem","position":1,"name":"Portada","item":"https:\/\/perspektiveyewear.com\/"},{"@type":"ListItem","position":2,"name":"Tienda de gafas: lectura, sol y filtro azul","item":"https:\/\/perspektiveyewear.com\/tienda\/"},{"@type":"ListItem","position":3,"name":"AW61 White Nude"}]},{"@type":"WebSite","@id":"https:\/\/perspektiveyewear.com\/#website","url":"https:\/\/perspektiveyewear.com\/","name":"Perspektiv","description":"Tienda de gafas","publisher":{"@id":"https:\/\/perspektiveyewear.com\/#organization"},"potentialAction":[{"@type":"SearchAction","target":{"@type":"EntryPoint","urlTemplate":"https:\/\/perspektiveyewear.com\/?s={search_term_string}"},"query-input":{"@type":"PropertyValueSpecification","valueRequired":true,"valueName":"search_term_string"}}],"inLanguage":"en-US"},{"@type":"Organization","@id":"https:\/\/perspektiveyewear.com\/#organization","name":"Perspektiv","url":"https:\/\/perspektiveyewear.com\/","logo":{"@type":"ImageObject","inLanguage":"en-US","@id":"https:\/\/perspektiveyewear.com\/#\/schema\/logo\/image\/","url":"https:\/\/perspektiveyewear.com\/wp-content\/uploads\/2025\/06\/logo-sin-margen-1.svg","contentUrl":"https:\/\/perspektiveyewear.com\/wp-content\/uploads\/2025\/06\/logo-sin-margen-1.svg","width":235,"height":23,"caption":"Perspektiv"},"image":{"@id":"https:\/\/perspektiveyewear.com\/#\/schema\/logo\/image\/"}}]},"product_price_amount":"21.90","product_price_currency":"EUR","og_availability":"instock","product_availability":"instock","product_condition":"new"},"_links":{"self":[{"href":"https:\/\/perspektiveyewear.com\/en\/wp-json\/wp\/v2\/product\/1579","targetHints":{"allow":["GET"]}}],"collection":[{"href":"https:\/\/perspektiveyewear.com\/en\/wp-json\/wp\/v2\/product"}],"about":[{"href":"https:\/\/perspektiveyewear.com\/en\/wp-json\/wp\/v2\/types\/product"}],"replies":[{"embeddable":true,"href":"https:\/\/perspektiveyewear.com\/en\/wp-json\/wp\/v2\/comments?post=1579"}],"wp:featuredmedia":[{"embeddable":true,"href":"https:\/\/perspektiveyewear.com\/en\/wp-json\/wp\/v2\/media\/1562"}],"wp:attachment":[{"href":"https:\/\/perspektiveyewear.com\/en\/wp-json\/wp\/v2\/media?parent=1579"}],"wp:term":[{"taxonomy":"product_brand","embeddable":true,"href":"https:\/\/perspektiveyewear.com\/en\/wp-json\/wp\/v2\/product_brand?post=1579"},{"taxonomy":"product_cat","embeddable":true,"href":"https:\/\/perspektiveyewear.com\/en\/wp-json\/wp\/v2\/product_cat?post=1579"},{"taxonomy":"product_tag","embeddable":true,"href":"https:\/\/perspektiveyewear.com\/en\/wp-json\/wp\/v2\/product_tag?post=1579"}],"curies":[{"name":"wp","href":"https:\/\/api.w.org\/{rel}","templated":true}]}}