{"id":1547,"date":"2026-04-10T09:24:43","date_gmt":"2026-04-10T09:24:43","guid":{"rendered":"https:\/\/perspektiveyewear.com\/?post_type=product&#038;p=1547"},"modified":"2026-04-10T09:27:12","modified_gmt":"2026-04-10T09:27:12","slug":"alfa","status":"publish","type":"product","link":"https:\/\/perspektiveyewear.com\/en\/product\/alfa\/","title":{"rendered":"Alfa"},"content":{"rendered":"<p class=\"ai-optimize-20 ai-optimize-introduction\">El modelo <b>Alfa<\/b> presenta una <b>montura en tono miel transl\u00facido<\/b>, con un acabado c\u00e1lido y ligero. Su <b>forma rectangular con esquinas suavizadas<\/b> aporta equilibrio y resulta c\u00f3moda para un uso prolongado.<\/p>\n<p class=\"ai-optimize-21\">Gafas de lectura dise\u00f1adas para mejorar la visi\u00f3n de cerca en el d\u00eda a d\u00eda. Disponibles en graduaciones de <b>+1.00 to +3.50 diopters<\/b>, para adaptarse a lo que necesites en cada momento.<\/p>\n<p class=\"ai-optimize-22\">Un dise\u00f1o pr\u00e1ctico, f\u00e1cil de llevar y pensado para acompa\u00f1arte en cualquier momento del d\u00eda.<\/p>","protected":false},"excerpt":{"rendered":"<p>El modelo Alfa presenta una montura en tono miel transl\u00facido, con un acabado c\u00e1lido y ligero. Su forma rectangular con esquinas suavizadas aporta equilibrio y resulta c\u00f3moda para un uso prolongado. Gafas de lectura dise\u00f1adas para mejorar la visi\u00f3n de cerca en el d\u00eda a d\u00eda. Disponibles en graduaciones de +1,00 a +3,50 dioptr\u00edas, para [&hellip;]<\/p>","protected":false},"featured_media":1555,"comment_status":"open","ping_status":"closed","template":"","meta":{"_acf_changed":false,"inline_featured_image":false},"product_brand":[],"product_cat":[27],"product_tag":[],"class_list":{"0":"post-1547","1":"product","2":"type-product","3":"status-publish","4":"has-post-thumbnail","6":"product_cat-reading-glasses","8":"first","9":"instock","10":"taxable","11":"shipping-taxable","12":"purchasable","13":"product-type-variable"},"acf":[],"yoast_head":"<!-- This site is optimized with the Yoast SEO Premium plugin v25.3 (Yoast SEO v27.4) - https:\/\/yoast.com\/product\/yoast-seo-premium-wordpress\/ -->\n<title>Gafas de lectura Alfa | Perspektiv<\/title>\n<meta name=\"description\" content=\"Gafas de lectura Alfa disponibles de +1,00 a +3,50 dioptr\u00edas. Montura ligera en tono miel transl\u00facido y dise\u00f1o c\u00f3modo para el d\u00eda a d\u00eda.\" \/>\n<meta name=\"robots\" content=\"index, follow, max-snippet:-1, max-image-preview:large, max-video-preview:-1\" \/>\n<link rel=\"canonical\" href=\"https:\/\/perspektiveyewear.com\/en\/product\/alfa\/\" \/>\n<meta property=\"og:locale\" content=\"en_US\" \/>\n<meta property=\"og:type\" content=\"article\" \/>\n<meta property=\"og:title\" content=\"Alfa\" \/>\n<meta property=\"og:description\" content=\"Gafas de lectura Alfa disponibles de +1,00 a +3,50 dioptr\u00edas. Montura ligera en tono miel transl\u00facido y dise\u00f1o c\u00f3modo para el d\u00eda a d\u00eda.\" \/>\n<meta property=\"og:url\" content=\"https:\/\/perspektiveyewear.com\/en\/product\/alfa\/\" \/>\n<meta property=\"og:site_name\" content=\"Perspektiv\" \/>\n<meta property=\"article:modified_time\" content=\"2026-04-10T09:27:12+00:00\" \/>\n<meta property=\"og:image\" content=\"https:\/\/perspektiveyewear.com\/wp-content\/uploads\/2026\/04\/ALFA-NEW-COLLECTION-WEB.jpg\" \/>\n\t<meta property=\"og:image:width\" content=\"1080\" \/>\n\t<meta property=\"og:image:height\" content=\"1080\" \/>\n\t<meta property=\"og:image:type\" content=\"image\/jpeg\" \/>\n<meta name=\"twitter:card\" content=\"summary_large_image\" \/>\n<meta name=\"twitter:label1\" content=\"Availability\" \/>\n\t<meta name=\"twitter:data1\" content=\"In stock\" \/>\n<script type=\"application\/ld+json\" class=\"yoast-schema-graph\">{\"@context\":\"https:\\\/\\\/schema.org\",\"@graph\":[{\"@type\":\"WebPage\",\"@id\":\"https:\\\/\\\/perspektiveyewear.com\\\/producto\\\/alfa\\\/\",\"url\":\"https:\\\/\\\/perspektiveyewear.com\\\/producto\\\/alfa\\\/\",\"name\":\"Gafas de lectura Alfa | Perspektiv\",\"isPartOf\":{\"@id\":\"https:\\\/\\\/perspektiveyewear.com\\\/#website\"},\"primaryImageOfPage\":{\"@id\":\"https:\\\/\\\/perspektiveyewear.com\\\/producto\\\/alfa\\\/#primaryimage\"},\"image\":{\"@id\":\"https:\\\/\\\/perspektiveyewear.com\\\/producto\\\/alfa\\\/#primaryimage\"},\"thumbnailUrl\":\"https:\\\/\\\/perspektiveyewear.com\\\/wp-content\\\/uploads\\\/2026\\\/04\\\/ALFA-NEW-COLLECTION-WEB.jpg\",\"datePublished\":\"2026-04-10T09:24:43+00:00\",\"dateModified\":\"2026-04-10T09:27:12+00:00\",\"description\":\"Gafas de lectura Alfa disponibles de +1,00 a +3,50 dioptr\u00edas. Montura ligera en tono miel transl\u00facido y dise\u00f1o c\u00f3modo para el d\u00eda a d\u00eda.\",\"breadcrumb\":{\"@id\":\"https:\\\/\\\/perspektiveyewear.com\\\/producto\\\/alfa\\\/#breadcrumb\"},\"inLanguage\":\"en-US\",\"potentialAction\":[{\"@type\":\"ReadAction\",\"target\":[\"https:\\\/\\\/perspektiveyewear.com\\\/producto\\\/alfa\\\/\"]}]},{\"@type\":\"ImageObject\",\"inLanguage\":\"en-US\",\"@id\":\"https:\\\/\\\/perspektiveyewear.com\\\/producto\\\/alfa\\\/#primaryimage\",\"url\":\"https:\\\/\\\/perspektiveyewear.com\\\/wp-content\\\/uploads\\\/2026\\\/04\\\/ALFA-NEW-COLLECTION-WEB.jpg\",\"contentUrl\":\"https:\\\/\\\/perspektiveyewear.com\\\/wp-content\\\/uploads\\\/2026\\\/04\\\/ALFA-NEW-COLLECTION-WEB.jpg\",\"width\":1080,\"height\":1080},{\"@type\":\"BreadcrumbList\",\"@id\":\"https:\\\/\\\/perspektiveyewear.com\\\/producto\\\/alfa\\\/#breadcrumb\",\"itemListElement\":[{\"@type\":\"ListItem\",\"position\":1,\"name\":\"Portada\",\"item\":\"https:\\\/\\\/perspektiveyewear.com\\\/\"},{\"@type\":\"ListItem\",\"position\":2,\"name\":\"Tienda de gafas: lectura, sol y filtro azul\",\"item\":\"https:\\\/\\\/perspektiveyewear.com\\\/tienda\\\/\"},{\"@type\":\"ListItem\",\"position\":3,\"name\":\"Alfa\"}]},{\"@type\":\"WebSite\",\"@id\":\"https:\\\/\\\/perspektiveyewear.com\\\/#website\",\"url\":\"https:\\\/\\\/perspektiveyewear.com\\\/\",\"name\":\"Perspektiv\",\"description\":\"Tienda de gafas\",\"publisher\":{\"@id\":\"https:\\\/\\\/perspektiveyewear.com\\\/#organization\"},\"potentialAction\":[{\"@type\":\"SearchAction\",\"target\":{\"@type\":\"EntryPoint\",\"urlTemplate\":\"https:\\\/\\\/perspektiveyewear.com\\\/?s={search_term_string}\"},\"query-input\":{\"@type\":\"PropertyValueSpecification\",\"valueRequired\":true,\"valueName\":\"search_term_string\"}}],\"inLanguage\":\"en-US\"},{\"@type\":\"Organization\",\"@id\":\"https:\\\/\\\/perspektiveyewear.com\\\/#organization\",\"name\":\"Perspektiv\",\"url\":\"https:\\\/\\\/perspektiveyewear.com\\\/\",\"logo\":{\"@type\":\"ImageObject\",\"inLanguage\":\"en-US\",\"@id\":\"https:\\\/\\\/perspektiveyewear.com\\\/#\\\/schema\\\/logo\\\/image\\\/\",\"url\":\"https:\\\/\\\/perspektiveyewear.com\\\/wp-content\\\/uploads\\\/2025\\\/06\\\/logo-sin-margen-1.svg\",\"contentUrl\":\"https:\\\/\\\/perspektiveyewear.com\\\/wp-content\\\/uploads\\\/2025\\\/06\\\/logo-sin-margen-1.svg\",\"width\":235,\"height\":23,\"caption\":\"Perspektiv\"},\"image\":{\"@id\":\"https:\\\/\\\/perspektiveyewear.com\\\/#\\\/schema\\\/logo\\\/image\\\/\"}}]}<\/script>\n<meta property=\"og:availability\" content=\"instock\" \/>\n<meta property=\"product:availability\" content=\"instock\" \/>\n<meta property=\"product:condition\" content=\"new\" \/>\n<!-- \/ Yoast SEO Premium plugin. -->","yoast_head_json":{"title":"Gafas de lectura Alfa | Perspektiv","description":"Gafas de lectura Alfa disponibles de +1,00 a +3,50 dioptr\u00edas. Montura ligera en tono miel transl\u00facido y dise\u00f1o c\u00f3modo para el d\u00eda a d\u00eda.","robots":{"index":"index","follow":"follow","max-snippet":"max-snippet:-1","max-image-preview":"max-image-preview:large","max-video-preview":"max-video-preview:-1"},"canonical":"https:\/\/perspektiveyewear.com\/en\/product\/alfa\/","og_locale":"en_US","og_type":"article","og_title":"Alfa","og_description":"Gafas de lectura Alfa disponibles de +1,00 a +3,50 dioptr\u00edas. Montura ligera en tono miel transl\u00facido y dise\u00f1o c\u00f3modo para el d\u00eda a d\u00eda.","og_url":"https:\/\/perspektiveyewear.com\/en\/product\/alfa\/","og_site_name":"Perspektiv","article_modified_time":"2026-04-10T09:27:12+00:00","og_image":[{"width":1080,"height":1080,"url":"https:\/\/perspektiveyewear.com\/wp-content\/uploads\/2026\/04\/ALFA-NEW-COLLECTION-WEB.jpg","type":"image\/jpeg"}],"twitter_card":"summary_large_image","twitter_misc":{"Availability":"In stock"},"schema":{"@context":"https:\/\/schema.org","@graph":[{"@type":"WebPage","@id":"https:\/\/perspektiveyewear.com\/producto\/alfa\/","url":"https:\/\/perspektiveyewear.com\/producto\/alfa\/","name":"Gafas de lectura Alfa | Perspektiv","isPartOf":{"@id":"https:\/\/perspektiveyewear.com\/#website"},"primaryImageOfPage":{"@id":"https:\/\/perspektiveyewear.com\/producto\/alfa\/#primaryimage"},"image":{"@id":"https:\/\/perspektiveyewear.com\/producto\/alfa\/#primaryimage"},"thumbnailUrl":"https:\/\/perspektiveyewear.com\/wp-content\/uploads\/2026\/04\/ALFA-NEW-COLLECTION-WEB.jpg","datePublished":"2026-04-10T09:24:43+00:00","dateModified":"2026-04-10T09:27:12+00:00","description":"Gafas de lectura Alfa disponibles de +1,00 a +3,50 dioptr\u00edas. Montura ligera en tono miel transl\u00facido y dise\u00f1o c\u00f3modo para el d\u00eda a d\u00eda.","breadcrumb":{"@id":"https:\/\/perspektiveyewear.com\/producto\/alfa\/#breadcrumb"},"inLanguage":"en-US","potentialAction":[{"@type":"ReadAction","target":["https:\/\/perspektiveyewear.com\/producto\/alfa\/"]}]},{"@type":"ImageObject","inLanguage":"en-US","@id":"https:\/\/perspektiveyewear.com\/producto\/alfa\/#primaryimage","url":"https:\/\/perspektiveyewear.com\/wp-content\/uploads\/2026\/04\/ALFA-NEW-COLLECTION-WEB.jpg","contentUrl":"https:\/\/perspektiveyewear.com\/wp-content\/uploads\/2026\/04\/ALFA-NEW-COLLECTION-WEB.jpg","width":1080,"height":1080},{"@type":"BreadcrumbList","@id":"https:\/\/perspektiveyewear.com\/producto\/alfa\/#breadcrumb","itemListElement":[{"@type":"ListItem","position":1,"name":"Portada","item":"https:\/\/perspektiveyewear.com\/"},{"@type":"ListItem","position":2,"name":"Tienda de gafas: lectura, sol y filtro azul","item":"https:\/\/perspektiveyewear.com\/tienda\/"},{"@type":"ListItem","position":3,"name":"Alfa"}]},{"@type":"WebSite","@id":"https:\/\/perspektiveyewear.com\/#website","url":"https:\/\/perspektiveyewear.com\/","name":"Perspektiv","description":"Tienda de gafas","publisher":{"@id":"https:\/\/perspektiveyewear.com\/#organization"},"potentialAction":[{"@type":"SearchAction","target":{"@type":"EntryPoint","urlTemplate":"https:\/\/perspektiveyewear.com\/?s={search_term_string}"},"query-input":{"@type":"PropertyValueSpecification","valueRequired":true,"valueName":"search_term_string"}}],"inLanguage":"en-US"},{"@type":"Organization","@id":"https:\/\/perspektiveyewear.com\/#organization","name":"Perspektiv","url":"https:\/\/perspektiveyewear.com\/","logo":{"@type":"ImageObject","inLanguage":"en-US","@id":"https:\/\/perspektiveyewear.com\/#\/schema\/logo\/image\/","url":"https:\/\/perspektiveyewear.com\/wp-content\/uploads\/2025\/06\/logo-sin-margen-1.svg","contentUrl":"https:\/\/perspektiveyewear.com\/wp-content\/uploads\/2025\/06\/logo-sin-margen-1.svg","width":235,"height":23,"caption":"Perspektiv"},"image":{"@id":"https:\/\/perspektiveyewear.com\/#\/schema\/logo\/image\/"}}]},"og_availability":"instock","product_availability":"instock","product_condition":"new"},"_links":{"self":[{"href":"https:\/\/perspektiveyewear.com\/en\/wp-json\/wp\/v2\/product\/1547","targetHints":{"allow":["GET"]}}],"collection":[{"href":"https:\/\/perspektiveyewear.com\/en\/wp-json\/wp\/v2\/product"}],"about":[{"href":"https:\/\/perspektiveyewear.com\/en\/wp-json\/wp\/v2\/types\/product"}],"replies":[{"embeddable":true,"href":"https:\/\/perspektiveyewear.com\/en\/wp-json\/wp\/v2\/comments?post=1547"}],"wp:featuredmedia":[{"embeddable":true,"href":"https:\/\/perspektiveyewear.com\/en\/wp-json\/wp\/v2\/media\/1555"}],"wp:attachment":[{"href":"https:\/\/perspektiveyewear.com\/en\/wp-json\/wp\/v2\/media?parent=1547"}],"wp:term":[{"taxonomy":"product_brand","embeddable":true,"href":"https:\/\/perspektiveyewear.com\/en\/wp-json\/wp\/v2\/product_brand?post=1547"},{"taxonomy":"product_cat","embeddable":true,"href":"https:\/\/perspektiveyewear.com\/en\/wp-json\/wp\/v2\/product_cat?post=1547"},{"taxonomy":"product_tag","embeddable":true,"href":"https:\/\/perspektiveyewear.com\/en\/wp-json\/wp\/v2\/product_tag?post=1547"}],"curies":[{"name":"wp","href":"https:\/\/api.w.org\/{rel}","templated":true}]}}